{"id":3390,"date":"2000-01-13T08:15:23","date_gmt":"2000-01-13T08:15:23","guid":{"rendered":"http:\/\/my-religion.cmsmasters.net\/?page_id=3390"},"modified":"2024-11-08T13:59:44","modified_gmt":"2024-11-08T12:59:44","slug":"who-we-are","status":"publish","type":"page","link":"https:\/\/evome.hr\/?page_id=3390","title":{"rendered":"Na\u0161a pri\u010da"},"content":{"rendered":"<style type=\"text\/css\"> \n#cmsmasters_row_69f2dad38c8d32_64869543 { \n\tbackground-image: url(https:\/\/evome.hr\/wp-content\/uploads\/2022\/08\/nasa_prica_HEADER-1-scaled.jpg); \n\tbackground-position: center center; \n\tbackground-repeat: no-repeat; \n\tbackground-attachment: scroll; \n\tbackground-size: cover; \n} \n\n#cmsmasters_row_69f2dad38c8d32_64869543 .cmsmasters_row_outer_parent { \n\tpadding-top: 250px; \n} \n\n#cmsmasters_row_69f2dad38c8d32_64869543 .cmsmasters_row_outer_parent { \n\tpadding-bottom: 200px; \n} \n\n \n#cmsmasters_heading_69f2dad38cc9c1_15122364 { \n\ttext-align:center; \n\tmargin-top:0px; \n\tmargin-bottom:40px; \n} \n\n#cmsmasters_heading_69f2dad38cc9c1_15122364 .cmsmasters_heading { \n\ttext-align:center; \n} \n\n#cmsmasters_heading_69f2dad38cc9c1_15122364 .cmsmasters_heading, #cmsmasters_heading_69f2dad38cc9c1_15122364 .cmsmasters_heading a { \n\tfont-family:'Montserrat'; \n\tfont-size:48px; \n\tline-height:56px; \n\tfont-weight:700; \n\tfont-style:normal; \n\tcolor:#ffffff;\n} \n\n#cmsmasters_heading_69f2dad38cc9c1_15122364 .cmsmasters_heading_divider { \n} \n\n \n#cmsmasters_row_69f2dad38ccd41_28908825 { \n\tbackground-color:#26346d;\n} \n\n#cmsmasters_row_69f2dad38ccd41_28908825 .cmsmasters_row_outer_parent { \n\tpadding-top: 90px; \n} \n\n#cmsmasters_row_69f2dad38ccd41_28908825 .cmsmasters_row_outer_parent { \n\tpadding-bottom: 60px; \n} \n\n \n#cmsmasters_heading_69f2dad38cd727_97718983 { \n\ttext-align:center; \n\tmargin-top:0px; \n\tmargin-bottom:15px; \n} \n\n#cmsmasters_heading_69f2dad38cd727_97718983 .cmsmasters_heading { \n\ttext-align:center; \n} \n\n#cmsmasters_heading_69f2dad38cd727_97718983 .cmsmasters_heading, #cmsmasters_heading_69f2dad38cd727_97718983 .cmsmasters_heading a { \n\tfont-family:'Montserrat'; \n\tfont-size:40px; \n\tfont-weight:bold; \n\tfont-style:normal; \n\tcolor:#ffffff;\n} \n\n#cmsmasters_heading_69f2dad38cd727_97718983 .cmsmasters_heading_divider { \n} \n\n \n#cmsmasters_heading_69f2dad38cdc87_44708450 { \n\ttext-align:center; \n\tmargin-top:0px; \n\tmargin-bottom:5px; \n} \n\n#cmsmasters_heading_69f2dad38cdc87_44708450 .cmsmasters_heading { \n\ttext-align:center; \n} \n\n#cmsmasters_heading_69f2dad38cdc87_44708450 .cmsmasters_heading, #cmsmasters_heading_69f2dad38cdc87_44708450 .cmsmasters_heading a { \n\tfont-family:'Montserrat'; \n\tfont-size:24px; \n\tfont-weight:400; \n\tfont-style:normal; \n\tcolor:#ffffff;\n} \n\n#cmsmasters_heading_69f2dad38cdc87_44708450 .cmsmasters_heading_divider { \n} \n\n \n#cmsmasters_row_69f2dad38cde36_93715649 { \n\tbackground-color:#26346d;\n} \n\n#cmsmasters_row_69f2dad38cde36_93715649 .cmsmasters_row_outer_parent { \n\tpadding-top: 0px; \n} \n\n#cmsmasters_row_69f2dad38cde36_93715649 .cmsmasters_row_outer_parent { \n\tpadding-bottom: 90px; \n} \n\n \n#cmsmasters_row_69f2dad38cf291_81639600 .cmsmasters_row_outer_parent { \n\tpadding-top: 0px; \n} \n\n#cmsmasters_row_69f2dad38cf291_81639600 .cmsmasters_row_outer_parent { \n\tpadding-bottom: 0px; \n} \n\n#cmsmasters_row_69f2dad38cf291_81639600 .cmsmasters_row_inner.cmsmasters_row_fullwidth { \n\tpadding-left:0%; \n} \n#cmsmasters_row_69f2dad38cf291_81639600 .cmsmasters_row_inner.cmsmasters_row_fullwidth { \n\tpadding-right:0%; \n} \n \n\n#cmsmasters_fb_69f2dad38cfaa0_10506222 { \n\tpadding-top:265px; \n\tpadding-bottom:265px; \n\tbackground-color:#333333;\n\tbackground-image: url(https:\/\/evome.hr\/wp-content\/uploads\/2024\/11\/ZIVA-VATRA-Formativni-susret-Zagreb-080.jpg); \n\tbackground-position: top center; \n\tbackground-repeat: no-repeat; \n\tbackground-attachment: scroll; \n\tbackground-size: cover; \n} \n\n#cmsmasters_fb_69f2dad38cfaa0_10506222 .featured_block_inner { \n\twidth: 100%; \n\tpadding: ; \n\ttext-align: left; \n\tmargin:0 auto; \n} \n\n#cmsmasters_fb_69f2dad38cfaa0_10506222 .featured_block_text { \n\ttext-align: left; \n} \n\n \n\n#cmsmasters_fb_69f2dad38d13d6_93823502 { \n\tpadding-top:30px; \n\tpadding-bottom:50px; \n\tbackground-color:#7d5b8c;\n} \n\n#cmsmasters_fb_69f2dad38d13d6_93823502 .featured_block_inner { \n\twidth: 100%; \n\tpadding: 10% 20% 10% 20%; \n\ttext-align: left; \n\tmargin:0 auto; \n} \n\n#cmsmasters_fb_69f2dad38d13d6_93823502 .featured_block_text { \n\ttext-align: left; \n} \n\n \n#cmsmasters_heading_69f2dad38d1d23_29294873 { \n\ttext-align:left; \n\tmargin-top:0px; \n\tmargin-bottom:10px; \n} \n\n#cmsmasters_heading_69f2dad38d1d23_29294873 .cmsmasters_heading { \n\ttext-align:left; \n} \n\n#cmsmasters_heading_69f2dad38d1d23_29294873 .cmsmasters_heading, #cmsmasters_heading_69f2dad38d1d23_29294873 .cmsmasters_heading a { \n\tfont-family:'Montserrat'; \n\tfont-size:36px; \n\tline-height:32px; \n\tfont-weight:700; \n\tfont-style:normal; \n\tcolor:#ffffff;\n} \n\n#cmsmasters_heading_69f2dad38d1d23_29294873 .cmsmasters_heading_divider { \n} \n\n \n#cmsmasters_heading_69f2dad38d2263_77043693 { \n\ttext-align:left; \n\tmargin-top:0px; \n\tmargin-bottom:10px; \n} \n\n#cmsmasters_heading_69f2dad38d2263_77043693 .cmsmasters_heading { \n\ttext-align:left; \n} \n\n#cmsmasters_heading_69f2dad38d2263_77043693 .cmsmasters_heading, #cmsmasters_heading_69f2dad38d2263_77043693 .cmsmasters_heading a { \n\tfont-family:'Montserrat'; \n\tfont-size:22px; \n\tline-height:32px; \n\tfont-weight:400; \n\tfont-style:normal; \n\tcolor:#ffffff;\n} \n\n#cmsmasters_heading_69f2dad38d2263_77043693 .cmsmasters_heading_divider { \n} \n\n \n#cmsmasters_heading_69f2dad38d26b1_15855284 { \n\ttext-align:left; \n\tmargin-top:0px; \n\tmargin-bottom:10px; \n} \n\n#cmsmasters_heading_69f2dad38d26b1_15855284 .cmsmasters_heading { \n\ttext-align:left; \n} \n\n#cmsmasters_heading_69f2dad38d26b1_15855284 .cmsmasters_heading, #cmsmasters_heading_69f2dad38d26b1_15855284 .cmsmasters_heading a { \n\tfont-family:'Source Sans Pro'; \n\tfont-size:16px; \n\tline-height:26px; \n\tfont-weight:400; \n\tfont-style:normal; \n\tcolor:#ffffff;\n} \n\n#cmsmasters_heading_69f2dad38d26b1_15855284 .cmsmasters_heading_divider { \n} \n\n \n#cmsmasters_row_69f2dad38d2950_78105666 .cmsmasters_row_outer_parent { \n\tpadding-top: 0px; \n} \n\n#cmsmasters_row_69f2dad38d2950_78105666 .cmsmasters_row_outer_parent { \n\tpadding-bottom: 0px; \n} \n\n#cmsmasters_row_69f2dad38d2950_78105666 .cmsmasters_row_inner.cmsmasters_row_fullwidth { \n\tpadding-left:0%; \n} \n#cmsmasters_row_69f2dad38d2950_78105666 .cmsmasters_row_inner.cmsmasters_row_fullwidth { \n\tpadding-right:0%; \n} \n \n\n#cmsmasters_fb_69f2dad38d2cc4_21673078 { \n\tpadding-top:30px; \n\tpadding-bottom:50px; \n\tbackground-color:#ed636a;\n} \n\n#cmsmasters_fb_69f2dad38d2cc4_21673078 .featured_block_inner { \n\twidth: 100%; \n\tpadding: 10% 20% 10% 20%; \n\ttext-align: left; \n\tmargin:0 auto; \n} \n\n#cmsmasters_fb_69f2dad38d2cc4_21673078 .featured_block_text { \n\ttext-align: left; \n} \n\n \n#cmsmasters_heading_69f2dad38d3441_08786077 { \n\ttext-align:left; \n\tmargin-top:0px; \n\tmargin-bottom:10px; \n} \n\n#cmsmasters_heading_69f2dad38d3441_08786077 .cmsmasters_heading { \n\ttext-align:left; \n} \n\n#cmsmasters_heading_69f2dad38d3441_08786077 .cmsmasters_heading, #cmsmasters_heading_69f2dad38d3441_08786077 .cmsmasters_heading a { \n\tfont-family:'Montserrat'; \n\tfont-size:36px; \n\tline-height:32px; \n\tfont-weight:700; \n\tfont-style:normal; \n\tcolor:#ffffff;\n} \n\n#cmsmasters_heading_69f2dad38d3441_08786077 .cmsmasters_heading_divider { \n} \n\n \n#cmsmasters_heading_69f2dad38d38b2_93039210 { \n\ttext-align:left; \n\tmargin-top:0px; \n\tmargin-bottom:10px; \n} \n\n#cmsmasters_heading_69f2dad38d38b2_93039210 .cmsmasters_heading { \n\ttext-align:left; \n} \n\n#cmsmasters_heading_69f2dad38d38b2_93039210 .cmsmasters_heading, #cmsmasters_heading_69f2dad38d38b2_93039210 .cmsmasters_heading a { \n\tfont-family:'Montserrat'; \n\tfont-size:22px; \n\tline-height:32px; \n\tfont-weight:400; \n\tfont-style:normal; \n\tcolor:#ffffff;\n} \n\n#cmsmasters_heading_69f2dad38d38b2_93039210 .cmsmasters_heading_divider { \n} \n\n \n#cmsmasters_heading_69f2dad38d3cc9_11221918 { \n\ttext-align:left; \n\tmargin-top:0px; \n\tmargin-bottom:10px; \n} \n\n#cmsmasters_heading_69f2dad38d3cc9_11221918 .cmsmasters_heading { \n\ttext-align:left; \n} \n\n#cmsmasters_heading_69f2dad38d3cc9_11221918 .cmsmasters_heading, #cmsmasters_heading_69f2dad38d3cc9_11221918 .cmsmasters_heading a { \n\tfont-family:'Source Sans Pro'; \n\tfont-size:16px; \n\tline-height:26px; \n\tfont-weight:400; \n\tfont-style:normal; \n\tcolor:#ffffff;\n} \n\n#cmsmasters_heading_69f2dad38d3cc9_11221918 .cmsmasters_heading_divider { \n} \n\n \n\n#cmsmasters_fb_69f2dad38d4045_10556914 { \n\tpadding-top:265px; \n\tpadding-bottom:265px; \n\tbackground-color:#333333;\n\tbackground-image: url(https:\/\/evome.hr\/wp-content\/uploads\/2022\/08\/nasa_prica_HEADER.jpg); \n\tbackground-position: center center; \n\tbackground-repeat: no-repeat; \n\tbackground-attachment: scroll; \n\tbackground-size: cover; \n} \n\n#cmsmasters_fb_69f2dad38d4045_10556914 .featured_block_inner { \n\twidth: 100%; \n\tpadding: ; \n\ttext-align: left; \n\tmargin:0 auto; \n} \n\n#cmsmasters_fb_69f2dad38d4045_10556914 .featured_block_text { \n\ttext-align: left; \n} \n\n \n#cmsmasters_row_69f2dad38d5155_19590628 .cmsmasters_row_outer_parent { \n\tpadding-top: 0px; \n} \n\n#cmsmasters_row_69f2dad38d5155_19590628 .cmsmasters_row_outer_parent { \n\tpadding-bottom: 0px; \n} \n\n#cmsmasters_row_69f2dad38d5155_19590628 .cmsmasters_row_inner.cmsmasters_row_fullwidth { \n\tpadding-left:0%; \n} \n#cmsmasters_row_69f2dad38d5155_19590628 .cmsmasters_row_inner.cmsmasters_row_fullwidth { \n\tpadding-right:0%; \n} \n \n\n#cmsmasters_fb_69f2dad38d5468_17175847 { \n\tpadding-top:265px; \n\tpadding-bottom:265px; \n\tbackground-color:#333333;\n\tbackground-image: url(https:\/\/evome.hr\/wp-content\/uploads\/2024\/11\/skarica.photo-268-of-313-1-scaled.jpg); \n\tbackground-position: top center; \n\tbackground-repeat: no-repeat; \n\tbackground-attachment: scroll; \n\tbackground-size: cover; \n} \n\n#cmsmasters_fb_69f2dad38d5468_17175847 .featured_block_inner { \n\twidth: 100%; \n\tpadding: ; \n\ttext-align: left; \n\tmargin:0 auto; \n} \n\n#cmsmasters_fb_69f2dad38d5468_17175847 .featured_block_text { \n\ttext-align: left; \n} \n\n \n\n#cmsmasters_fb_69f2dad38d6214_66801878 { \n\tpadding-top:30px; \n\tpadding-bottom:50px; \n\tbackground-color:#f9b24b;\n} \n\n#cmsmasters_fb_69f2dad38d6214_66801878 .featured_block_inner { \n\twidth: 100%; \n\tpadding: 10% 20% 10% 20%; \n\ttext-align: left; \n\tmargin:0 auto; \n} \n\n#cmsmasters_fb_69f2dad38d6214_66801878 .featured_block_text { \n\ttext-align: left; \n} \n\n \n#cmsmasters_heading_69f2dad38d6943_96399030 { \n\ttext-align:left; \n\tmargin-top:0px; \n\tmargin-bottom:10px; \n} \n\n#cmsmasters_heading_69f2dad38d6943_96399030 .cmsmasters_heading { \n\ttext-align:left; \n} \n\n#cmsmasters_heading_69f2dad38d6943_96399030 .cmsmasters_heading, #cmsmasters_heading_69f2dad38d6943_96399030 .cmsmasters_heading a { \n\tfont-family:'Montserrat'; \n\tfont-size:36px; \n\tline-height:32px; \n\tfont-weight:700; \n\tfont-style:normal; \n\tcolor:#ffffff;\n} \n\n#cmsmasters_heading_69f2dad38d6943_96399030 .cmsmasters_heading_divider { \n} \n\n \n#cmsmasters_heading_69f2dad38d6e97_08978792 { \n\ttext-align:left; \n\tmargin-top:0px; \n\tmargin-bottom:10px; \n} \n\n#cmsmasters_heading_69f2dad38d6e97_08978792 .cmsmasters_heading { \n\ttext-align:left; \n} \n\n#cmsmasters_heading_69f2dad38d6e97_08978792 .cmsmasters_heading, #cmsmasters_heading_69f2dad38d6e97_08978792 .cmsmasters_heading a { \n\tfont-family:'Montserrat'; \n\tfont-size:22px; \n\tline-height:32px; \n\tfont-weight:400; \n\tfont-style:normal; \n\tcolor:#ffffff;\n} \n\n#cmsmasters_heading_69f2dad38d6e97_08978792 .cmsmasters_heading_divider { \n} \n\n \n#cmsmasters_heading_69f2dad38d7360_16043358 { \n\ttext-align:left; \n\tmargin-top:0px; \n\tmargin-bottom:10px; \n} \n\n#cmsmasters_heading_69f2dad38d7360_16043358 .cmsmasters_heading { \n\ttext-align:left; \n} \n\n#cmsmasters_heading_69f2dad38d7360_16043358 .cmsmasters_heading, #cmsmasters_heading_69f2dad38d7360_16043358 .cmsmasters_heading a { \n\tfont-family:'Source Sans Pro'; \n\tfont-size:16px; \n\tline-height:26px; \n\tfont-weight:400; \n\tfont-style:normal; \n\tcolor:#ffffff;\n} \n\n#cmsmasters_heading_69f2dad38d7360_16043358 .cmsmasters_heading_divider { \n} \n\n \n#cmsmasters_row_69f2dad38d75d1_04691033 .cmsmasters_row_outer_parent { \n\tpadding-top: 0px; \n} \n\n#cmsmasters_row_69f2dad38d75d1_04691033 .cmsmasters_row_outer_parent { \n\tpadding-bottom: 50px; \n} \n\n<\/style><div id=\"cmsmasters_row_69f2dad38c8d32_64869543\" class=\"cmsmasters_row cmsmasters_color_scheme_default cmsmasters_row_top_default cmsmasters_row_bot_default cmsmasters_row_boxed\">\n<div class=\"cmsmasters_row_outer_parent\">\n<div class=\"cmsmasters_row_outer\">\n<div class=\"cmsmasters_row_inner\">\n<div class=\"cmsmasters_row_margin\">\n<div class=\"cmsmasters_column one_fourth Uz Evo me mladi otkrivaju \">\n<\/div>\n<div class=\"cmsmasters_column one_half\">\n\n<div id=\"cmsmasters_heading_69f2dad38cc9c1_15122364\" class=\"cmsmasters_heading_wrap cmsmasters_heading_align_center\">\n\t<h1 class=\"cmsmasters_heading\">Uz Evo me mladi otkrivaju svoju vrijednost i poziv.<\/h1>\n<\/div>\n<\/div>\n<div class=\"cmsmasters_column one_fourth\">\n<\/div>\n<\/div>\n<\/div>\n<\/div>\n<\/div>\n<\/div>\n<div id=\"cmsmasters_row_69f2dad38ccd41_28908825\" class=\"cmsmasters_row cmsmasters_color_scheme_default cmsmasters_row_top_default cmsmasters_row_bot_default cmsmasters_row_boxed\">\n<div class=\"cmsmasters_row_outer_parent\">\n<div class=\"cmsmasters_row_outer\">\n<div class=\"cmsmasters_row_inner\">\n<div class=\"cmsmasters_row_margin\">\n<div class=\"cmsmasters_column one_first\">\n\n<div id=\"cmsmasters_heading_69f2dad38cd727_97718983\" class=\"cmsmasters_heading_wrap cmsmasters_heading_align_center\">\n\t<h1 class=\"cmsmasters_heading\">Na\u0161a pri\u010da<\/h1>\n<\/div>\n<div id=\"cmsmasters_heading_69f2dad38cdc87_44708450\" class=\"cmsmasters_heading_wrap cmsmasters_heading_align_center\">\n\t<h3 class=\"cmsmasters_heading\">Odgajamo evan\u0111eljem, evangeliziramo odgojem.<\/h3>\n<\/div>\n<\/div>\n<\/div>\n<\/div>\n<\/div>\n<\/div>\n<\/div>\n<div id=\"cmsmasters_row_69f2dad38cde36_93715649\" class=\"cmsmasters_row cmsmasters_color_scheme_default cmsmasters_row_top_default cmsmasters_row_bot_default cmsmasters_row_boxed\">\n<div class=\"cmsmasters_row_outer_parent\">\n<div class=\"cmsmasters_row_outer\">\n<div class=\"cmsmasters_row_inner\">\n<div class=\"cmsmasters_row_margin\">\n<div class=\"cmsmasters_column one_half\">\n<div class=\"cmsmasters_text\">\n<p><span style=\"color: #ffffff;\"><strong>#san<br \/>\n<\/strong>Sve je zapo\u010delo 2019. godine u grupi entuzijasta iz nakladni\u010dke ku\u0107e Salesiana kojima su na srcu bili mladi. <strong>Nadahnuti don Boscovim primjerom<\/strong>, po\u010deli smo ma\u0161tati o projektu koji \u0107e mladim ljudima pribli\u017eiti Bo\u017eji plan za njihov \u017eivot.<\/span><\/p>\n<p>&nbsp;<\/p>\n<p><span style=\"color: #ffffff;\"><strong>#evome<br \/>\n<\/strong>U ma\u0161tanju nas je vodila krilatica koja \u0107e postati ime na\u0161ega projekta \u2013 <em>Evo me<\/em>. Taj izraz poslu\u0161nosti Bogu prote\u017ee se od Adama i Abrahama do Marijina \u2018Evo slu\u017ebenice Gospodnje\u2019 i Isusova \u2018Evo dolazim vr\u0161iti, Bo\u017ee, volju tvoju\u2019. Osim toga, rije\u010d \u2018evo\u2019 kratica je za \u2018<strong>ev<\/strong>angelizaciju\u2019 i \u2018<strong>o<\/strong>dgoj\u2019. <em>Evo me<\/em> je tako postao skupni naziv za razli\u010dite odgojno-evangelizacijske programe kojima je svrha <strong>o\u017eivjeti poslu\u0161nost Bo\u017ejem pozivu.<\/strong><\/span><\/p>\n<\/div>\n<\/div>\n<div class=\"cmsmasters_column one_half\">\n<div class=\"cmsmasters_text\">\n<p><span style=\"color: #ffffff;\"><strong>#\u017eivavatra<br \/>\n<\/strong>Kao prvu etapu projekta <em>Evo me<\/em>, odlu\u010dili smo razviti <strong>program priprave za krizmu<\/strong>. U ljeto 2019. godine skupina zaposlenika Salesiane i vanjskih suradnika postavila je temelje za program koji \u0107emo kasnije nazvati <em>\u017diva vatra<\/em>.<\/span><\/p>\n<p>&nbsp;<\/p>\n<p><span style=\"color: #ffffff;\"><strong>#udrugato\u010dka<em><br \/>\n<\/em><\/strong>Kako je projekt<em> Evo me <\/em>privla\u010dio sve vi\u0161e i vi\u0161e ljudi, shvatili smo da i \u010ditavo na\u0161e dru\u0161tvo \u017ee\u0111a za sadr\u017eajima koji bi mlade vodili do ostvarenja svih njihovih potencijala. Iz te \u017ee\u0111i nastala je <em>Udruga To\u010dka<\/em> \u2013 <strong>mala tvornica odgojnih i evangelizacijskih programa<\/strong> koji mladima poma\u017eu da prepoznaju sebe i preobraze svijet. Jer u svakoj mladoj osobi postoji barem to\u010dka otvorena dobru koju valja otkriti i razvijati\u2026<\/span><\/p>\n<\/div>\n<\/div>\n<\/div>\n<\/div>\n<\/div>\n<\/div>\n<\/div>\n<div id=\"cmsmasters_row_69f2dad38cf291_81639600\" class=\"cmsmasters_row cmsmasters_color_scheme_default cmsmasters_row_top_default cmsmasters_row_bot_default cmsmasters_row_fullwidth\">\n<div class=\"cmsmasters_row_outer_parent\">\n<div class=\"cmsmasters_row_outer\">\n<div class=\"cmsmasters_row_inner cmsmasters_row_fullwidth cmsmasters_row_no_margin\">\n<div class=\"cmsmasters_row_margin cmsmasters_row_columns_behavior\">\n<div class=\"cmsmasters_column one_half\">\n<div id=\"cmsmasters_fb_69f2dad38cfaa0_10506222\" class=\"cmsmasters_featured_block\">\n<div class=\"featured_block_inner\">\n<div class=\"featured_block_text\"><p><\/p>\n<\/div>\n<\/div>\n<\/div>\n<\/div>\n<div class=\"cmsmasters_column one_half\">\n<div id=\"cmsmasters_fb_69f2dad38d13d6_93823502\" class=\"cmsmasters_featured_block\">\n<div class=\"featured_block_inner\">\n<div class=\"featured_block_text\">\n<p style=\"text-align: left;\">\n<div id=\"cmsmasters_heading_69f2dad38d1d23_29294873\" class=\"cmsmasters_heading_wrap cmsmasters_heading_align_left\">\n\t<h3 class=\"cmsmasters_heading\">Na\u0161a vizija<\/h3>\n<\/div>\n<div id=\"cmsmasters_heading_69f2dad38d2263_77043693\" class=\"cmsmasters_heading_wrap cmsmasters_heading_align_left\">\n\t<h3 class=\"cmsmasters_heading\">Svakoj mladoj osobi dati priliku da otkrije puninu \u017eivota u Kristu.<\/h3>\n<\/div>\n<p style=\"text-align: left;\">\n<div id=\"cmsmasters_heading_69f2dad38d26b1_15855284\" class=\"cmsmasters_heading_wrap cmsmasters_heading_align_left\">\n\t<h5 class=\"cmsmasters_heading\"><span style=\"font-weight: 400;\">\u00a0<\/span><\/h5>\n<\/div>\n<\/div>\n<\/div>\n<\/div>\n<\/div>\n<\/div>\n<\/div>\n<\/div>\n<\/div>\n<\/div>\n<div id=\"cmsmasters_row_69f2dad38d2950_78105666\" class=\"cmsmasters_row cmsmasters_color_scheme_default cmsmasters_row_top_default cmsmasters_row_bot_default cmsmasters_row_fullwidth\">\n<div class=\"cmsmasters_row_outer_parent\">\n<div class=\"cmsmasters_row_outer\">\n<div class=\"cmsmasters_row_inner cmsmasters_row_fullwidth cmsmasters_row_no_margin\">\n<div class=\"cmsmasters_row_margin cmsmasters_row_columns_behavior\">\n<div class=\"cmsmasters_column one_half\">\n<div id=\"cmsmasters_fb_69f2dad38d2cc4_21673078\" class=\"cmsmasters_featured_block\">\n<div class=\"featured_block_inner\">\n<div class=\"featured_block_text\">\n<p style=\"text-align: left;\">\n<div id=\"cmsmasters_heading_69f2dad38d3441_08786077\" class=\"cmsmasters_heading_wrap cmsmasters_heading_align_left\">\n\t<h3 class=\"cmsmasters_heading\">Na\u0161a misija<\/h3>\n<\/div>\n<div id=\"cmsmasters_heading_69f2dad38d38b2_93039210\" class=\"cmsmasters_heading_wrap cmsmasters_heading_align_left\">\n\t<h3 class=\"cmsmasters_heading\">Odgojno-evangelizacijskim programima pratiti osobe i zajednice u otkrivanju i ostvarivanju jedinstvenog poziva koji im Bog upu\u0107uje.<\/h3>\n<\/div>\n<p style=\"text-align: left;\">\n<div id=\"cmsmasters_heading_69f2dad38d3cc9_11221918\" class=\"cmsmasters_heading_wrap cmsmasters_heading_align_left\">\n\t<h5 class=\"cmsmasters_heading\"><\/h5>\n<\/div>\n<\/div>\n<\/div>\n<\/div>\n<\/div>\n<div class=\"cmsmasters_column one_half\">\n<div id=\"cmsmasters_fb_69f2dad38d4045_10556914\" class=\"cmsmasters_featured_block\">\n<div class=\"featured_block_inner\">\n<div class=\"featured_block_text\"><p><\/p>\n<\/div>\n<\/div>\n<\/div>\n<\/div>\n<\/div>\n<\/div>\n<\/div>\n<\/div>\n<\/div>\n<div id=\"cmsmasters_row_69f2dad38d5155_19590628\" class=\"cmsmasters_row cmsmasters_color_scheme_default cmsmasters_row_top_default cmsmasters_row_bot_default cmsmasters_row_fullwidth\">\n<div class=\"cmsmasters_row_outer_parent\">\n<div class=\"cmsmasters_row_outer\">\n<div class=\"cmsmasters_row_inner cmsmasters_row_fullwidth cmsmasters_row_no_margin\">\n<div class=\"cmsmasters_row_margin cmsmasters_row_columns_behavior\">\n<div class=\"cmsmasters_column one_half\">\n<div id=\"cmsmasters_fb_69f2dad38d5468_17175847\" class=\"cmsmasters_featured_block\">\n<div class=\"featured_block_inner\">\n<div class=\"featured_block_text\"><p><\/p>\n<\/div>\n<\/div>\n<\/div>\n<\/div>\n<div class=\"cmsmasters_column one_half\">\n<div id=\"cmsmasters_fb_69f2dad38d6214_66801878\" class=\"cmsmasters_featured_block\">\n<div class=\"featured_block_inner\">\n<div class=\"featured_block_text\">\n<p style=\"text-align: left;\">\n<div id=\"cmsmasters_heading_69f2dad38d6943_96399030\" class=\"cmsmasters_heading_wrap cmsmasters_heading_align_left\">\n\t<h3 class=\"cmsmasters_heading\">Na\u0161i ciljevi<\/h3>\n<\/div>\n<div id=\"cmsmasters_heading_69f2dad38d6e97_08978792\" class=\"cmsmasters_heading_wrap cmsmasters_heading_align_left\">\n\t<h3 class=\"cmsmasters_heading\">&#8211; Promicati jedinstvenu vrijednost ljudske osobe.<br \/>\n&#8211; Unaprje\u0111ivati odgojni rad s razli\u010ditim dobnim skupinama.<br \/>\n&#8211; Razvijati djelovanje zajednica za op\u0107e dobro.<\/h3>\n<\/div>\n<p style=\"text-align: left;\">\n<div id=\"cmsmasters_heading_69f2dad38d7360_16043358\" class=\"cmsmasters_heading_wrap cmsmasters_heading_align_left\">\n\t<h5 class=\"cmsmasters_heading\"><\/h5>\n<\/div>\n<\/div>\n<\/div>\n<\/div>\n<\/div>\n<\/div>\n<\/div>\n<\/div>\n<\/div>\n<\/div>\n<div id=\"cmsmasters_row_69f2dad38d75d1_04691033\" class=\"cmsmasters_row cmsmasters_color_scheme_default cmsmasters_row_top_default cmsmasters_row_bot_default cmsmasters_row_boxed\">\n<div class=\"cmsmasters_row_outer_parent\">\n<div class=\"cmsmasters_row_outer\">\n<div class=\"cmsmasters_row_inner\">\n<div class=\"cmsmasters_row_margin\">\n<div class=\"cmsmasters_column one_first\">\n<\/div>\n<\/div>\n<\/div>\n<\/div>\n<\/div>\n<\/div>\n\n","protected":false},"excerpt":{"rendered":"","protected":false},"author":1,"featured_media":0,"parent":0,"menu_order":0,"comment_status":"closed","ping_status":"closed","template":"","meta":{"footnotes":""},"class_list":["post-3390","page","type-page","status-publish","hentry"],"_links":{"self":[{"href":"https:\/\/evome.hr\/index.php?rest_route=\/wp\/v2\/pages\/3390","targetHints":{"allow":["GET"]}}],"collection":[{"href":"https:\/\/evome.hr\/index.php?rest_route=\/wp\/v2\/pages"}],"about":[{"href":"https:\/\/evome.hr\/index.php?rest_route=\/wp\/v2\/types\/page"}],"author":[{"embeddable":true,"href":"https:\/\/evome.hr\/index.php?rest_route=\/wp\/v2\/users\/1"}],"replies":[{"embeddable":true,"href":"https:\/\/evome.hr\/index.php?rest_route=%2Fwp%2Fv2%2Fcomments&post=3390"}],"version-history":[{"count":81,"href":"https:\/\/evome.hr\/index.php?rest_route=\/wp\/v2\/pages\/3390\/revisions"}],"predecessor-version":[{"id":6522,"href":"https:\/\/evome.hr\/index.php?rest_route=\/wp\/v2\/pages\/3390\/revisions\/6522"}],"wp:attachment":[{"href":"https:\/\/evome.hr\/index.php?rest_route=%2Fwp%2Fv2%2Fmedia&parent=3390"}],"curies":[{"name":"wp","href":"https:\/\/api.w.org\/{rel}","templated":true}]}}