{"id":5788,"date":"2022-07-07T13:35:36","date_gmt":"2022-07-07T12:35:36","guid":{"rendered":"https:\/\/evome.hr\/?page_id=5788"},"modified":"2024-11-07T15:00:12","modified_gmt":"2024-11-07T14:00:12","slug":"razvoj-programa","status":"publish","type":"page","link":"https:\/\/evome.hr\/?page_id=5788","title":{"rendered":"Razvoj programa"},"content":{"rendered":"<style type=\"text\/css\"> \n#cmsmasters_row_69f3d6d46f3675_17139622 { \n\tbackground-color:#f9b24b;\n\tbackground-image: url(https:\/\/evome.hr\/wp-content\/uploads\/2024\/11\/Design-Branding-Portfolio-Website-in-White-Grey-Black-Light-Classic-Minimal-Style.png); \n\tbackground-position: top center; \n\tbackground-repeat: no-repeat; \n\tbackground-attachment: scroll; \n\tbackground-size: cover; \n} \n\n#cmsmasters_row_69f3d6d46f3675_17139622 .cmsmasters_row_outer_parent { \n\tpadding-top: 200px; \n} \n\n#cmsmasters_row_69f3d6d46f3675_17139622 .cmsmasters_row_outer_parent { \n\tpadding-bottom: 200px; \n} \n\n \n#cmsmasters_heading_69f3d6d46f6e72_50872819 { \n\ttext-align:center; \n\tmargin-top:0px; \n\tmargin-bottom:30px; \n} \n\n#cmsmasters_heading_69f3d6d46f6e72_50872819 .cmsmasters_heading { \n\ttext-align:center; \n} \n\n#cmsmasters_heading_69f3d6d46f6e72_50872819 .cmsmasters_heading, #cmsmasters_heading_69f3d6d46f6e72_50872819 .cmsmasters_heading a { \n\tfont-family:'Montserrat'; \n\tfont-size:26px; \n\tfont-weight:normal; \n\tfont-style:normal; \n\tcolor:#ffffff;\n} \n\n#cmsmasters_heading_69f3d6d46f6e72_50872819 .cmsmasters_heading_divider { \n} \n\n \n#cmsmasters_heading_69f3d6d46f74a5_34114416 { \n\ttext-align:center; \n\tmargin-top:0px; \n\tmargin-bottom:40px; \n} \n\n#cmsmasters_heading_69f3d6d46f74a5_34114416 .cmsmasters_heading { \n\ttext-align:center; \n} \n\n#cmsmasters_heading_69f3d6d46f74a5_34114416 .cmsmasters_heading, #cmsmasters_heading_69f3d6d46f74a5_34114416 .cmsmasters_heading a { \n\tfont-family:'Montserrat'; \n\tfont-size:48px; \n\tline-height:56px; \n\tfont-weight:700; \n\tfont-style:normal; \n\tcolor:#ffffff;\n} \n\n#cmsmasters_heading_69f3d6d46f74a5_34114416 .cmsmasters_heading_divider { \n} \n\n \n#cmsmasters_row_69f3d6d46f7739_69919136 { \n\tbackground-color:#26346d;\n} \n\n#cmsmasters_row_69f3d6d46f7739_69919136 .cmsmasters_row_outer_parent { \n\tpadding-top: 90px; \n} \n\n#cmsmasters_row_69f3d6d46f7739_69919136 .cmsmasters_row_outer_parent { \n\tpadding-bottom: 90px; \n} \n\n \n#cmsmasters_row_69f3d6d46f8c24_16263289 .cmsmasters_row_outer_parent { \n\tpadding-top: 0px; \n} \n\n#cmsmasters_row_69f3d6d46f8c24_16263289 .cmsmasters_row_outer_parent { \n\tpadding-bottom: 0px; \n} \n\n#cmsmasters_row_69f3d6d46f8c24_16263289 .cmsmasters_row_inner.cmsmasters_row_fullwidth { \n\tpadding-left:0%; \n} \n#cmsmasters_row_69f3d6d46f8c24_16263289 .cmsmasters_row_inner.cmsmasters_row_fullwidth { \n\tpadding-right:0%; \n} \n \n\n#cmsmasters_fb_69f3d6d46f9201_19296313 { \n\tpadding-top:265px; \n\tpadding-bottom:265px; \n\tbackground-color:#333333;\n\tbackground-image: url(https:\/\/evome.hr\/wp-content\/uploads\/2024\/11\/ziva_vatra-14.jpg); \n\tbackground-position: top center; \n\tbackground-repeat: no-repeat; \n\tbackground-attachment: scroll; \n\tbackground-size: cover; \n} \n\n#cmsmasters_fb_69f3d6d46f9201_19296313 .featured_block_inner { \n\twidth: 100%; \n\tpadding: ; \n\ttext-align: left; \n\tmargin:0 auto; \n} \n\n#cmsmasters_fb_69f3d6d46f9201_19296313 .featured_block_text { \n\ttext-align: left; \n} \n\n \n\n#cmsmasters_fb_69f3d6d46fb914_07264585 { \n\tpadding-top:30px; \n\tpadding-bottom:50px; \n\tbackground-color:#d14f42;\n} \n\n#cmsmasters_fb_69f3d6d46fb914_07264585 .featured_block_inner { \n\twidth: 100%; \n\tpadding: 10% 20% 10% 20%; \n\ttext-align: left; \n\tmargin:0 auto; \n} \n\n#cmsmasters_fb_69f3d6d46fb914_07264585 .featured_block_text { \n\ttext-align: left; \n} \n\n \n#cmsmasters_heading_69f3d6d46fc1d8_65383771 { \n\ttext-align:left; \n\tmargin-top:0px; \n\tmargin-bottom:10px; \n} \n\n#cmsmasters_heading_69f3d6d46fc1d8_65383771 .cmsmasters_heading { \n\ttext-align:left; \n} \n\n#cmsmasters_heading_69f3d6d46fc1d8_65383771 .cmsmasters_heading, #cmsmasters_heading_69f3d6d46fc1d8_65383771 .cmsmasters_heading a { \n\tfont-family:'Montserrat'; \n\tfont-size:28px; \n\tline-height:32px; \n\tfont-weight:700; \n\tfont-style:normal; \n\tcolor:#ffffff;\n} \n\n#cmsmasters_heading_69f3d6d46fc1d8_65383771 .cmsmasters_heading_divider { \n} \n\n \n#cmsmasters_heading_69f3d6d46fc712_69991981 { \n\ttext-align:left; \n\tmargin-top:0px; \n\tmargin-bottom:20px; \n} \n\n#cmsmasters_heading_69f3d6d46fc712_69991981 .cmsmasters_heading { \n\ttext-align:left; \n} \n\n#cmsmasters_heading_69f3d6d46fc712_69991981 .cmsmasters_heading, #cmsmasters_heading_69f3d6d46fc712_69991981 .cmsmasters_heading a { \n\tfont-family:'Montserrat'; \n\tfont-size:28px; \n\tline-height:32px; \n\tfont-weight:700; \n\tfont-style:normal; \n\tcolor:#ffffff;\n} \n\n#cmsmasters_heading_69f3d6d46fc712_69991981 .cmsmasters_heading_divider { \n} \n\n \n#cmsmasters_heading_69f3d6d46fcb67_64657896 { \n\ttext-align:left; \n\tmargin-top:0px; \n\tmargin-bottom:10px; \n} \n\n#cmsmasters_heading_69f3d6d46fcb67_64657896 .cmsmasters_heading { \n\ttext-align:left; \n} \n\n#cmsmasters_heading_69f3d6d46fcb67_64657896 .cmsmasters_heading, #cmsmasters_heading_69f3d6d46fcb67_64657896 .cmsmasters_heading a { \n\tfont-family:'Source Sans Pro'; \n\tfont-size:16px; \n\tline-height:26px; \n\tfont-weight:400; \n\tfont-style:normal; \n\tcolor:#ffffff;\n} \n\n#cmsmasters_heading_69f3d6d46fcb67_64657896 .cmsmasters_heading_divider { \n} \n\n<\/style><div id=\"cmsmasters_row_69f3d6d46f3675_17139622\" class=\"cmsmasters_row cmsmasters_color_scheme_default cmsmasters_row_top_default cmsmasters_row_bot_default cmsmasters_row_boxed\">\n<div class=\"cmsmasters_row_outer_parent\">\n<div class=\"cmsmasters_row_outer\">\n<div class=\"cmsmasters_row_inner\">\n<div class=\"cmsmasters_row_margin\">\n<div class=\"cmsmasters_column one_fourth\">\n<\/div>\n<div class=\"cmsmasters_column one_half\">\n\n<div id=\"cmsmasters_heading_69f3d6d46f6e72_50872819\" class=\"cmsmasters_heading_wrap cmsmasters_heading_align_center\">\n\t<h1 class=\"cmsmasters_heading\"><em>Razvoj programa<\/em> <\/h1>\n<\/div>\n<div id=\"cmsmasters_heading_69f3d6d46f74a5_34114416\" class=\"cmsmasters_heading_wrap cmsmasters_heading_align_center\">\n\t<h1 class=\"cmsmasters_heading\"><strong>Razvijamo vlastiti program koji \u0107e odgovarati na\u0161im okolnostima!<\/strong><\/h1>\n<\/div>\n<\/div>\n<div class=\"cmsmasters_column one_fourth\">\n<\/div>\n<\/div>\n<\/div>\n<\/div>\n<\/div>\n<\/div>\n<div id=\"cmsmasters_row_69f3d6d46f7739_69919136\" class=\"cmsmasters_row cmsmasters_color_scheme_default cmsmasters_row_top_default cmsmasters_row_bot_default cmsmasters_row_boxed\">\n<div class=\"cmsmasters_row_outer_parent\">\n<div class=\"cmsmasters_row_outer\">\n<div class=\"cmsmasters_row_inner\">\n<div class=\"cmsmasters_row_margin\">\n<div class=\"cmsmasters_column one_half\">\n<div class=\"cmsmasters_text\">\n<p><span style=\"color: #ffffff;\"><strong>2019.<\/strong><\/span><\/p>\n<p><span style=\"color: #ffffff;\">&#8211; Analizirali smo najva\u017enije dokumente o katehezi univerzalne i mjesne Crkve.<\/span><\/p>\n<p><span style=\"color: #ffffff;\">&#8211; Analizirali smo postoje\u0107e programe priprave za krizmu uglavnom s ameri\u010dkog podru\u010dja (Chosen, Decision Point, Purpose\u2026), ali i neke druge poput Youcatovog.<\/span><\/p>\n<p><span style=\"color: #ffffff;\">&#8211; Odlu\u010dili smo razviti vlastiti program koji \u0107e odgovarati na\u0161im dru\u0161tvenim i crkvenim prilikama.<\/span><\/p>\n<p><span style=\"color: #ffffff;\">&#8211; Napravili smo dvogodi\u0161nji nacrt programa, odredili 24 teme i izgled jednog katehetskog susreta.<\/span><\/p>\n<p><span style=\"color: #ffffff;\">&#8211; Razradili smo nacrte za svaku od 24 teme.<\/span><\/p>\n<p>&nbsp;<\/p>\n<p><span style=\"color: #ffffff;\"><strong>2020.<\/strong><\/span><\/p>\n<p><span style=\"color: #ffffff;\">&#8211; Okupili smo dvadesetak suradnika, sve\u0107enika i laika i nastavili razvijati program.<\/span><\/p>\n<p><span style=\"color: #ffffff;\">&#8211; Na mjesto koordinatora programa zaposlen je Luka Tripalo.<\/span><\/p>\n<p><span style=\"color: #ffffff;\">&#8211; Osnovali smo Udrugu To\u010dka da bude prvotni nositelj programa.<\/span><\/p>\n<p>&nbsp;<\/p>\n<p><span style=\"color: #ffffff;\"><strong>2021.<\/strong><\/span><\/p>\n<p><span style=\"color: #ffffff;\">&#8211; Izradili smo poslovni plan i po\u010deli (uspje\u0161no) prikupljati sredstva putem natje\u010daja i donacija.<\/span><\/p>\n<p><span style=\"color: #ffffff;\">&#8211; Krenuli smo s pilot programom u 10 \u017eupa iz razli\u010ditih dijelova Hrvatske.<\/span><\/p>\n<p><span style=\"color: #ffffff;\">&#8211; Odr\u017eali smo dva ljetna formativna kampa za katehete u Ba\u0161kim O\u0161tarijama i na Lo\u0161inju.<\/span><\/p>\n<p><span style=\"color: #ffffff;\">&#8211; Odr\u017eali smo kamp za autore sadr\u017eaja u Rovinju.<\/span><\/p>\n<p><span style=\"color: #ffffff;\">&#8211; Okupili smo stru\u010dnjake za video i film te zapo\u010deli rad na raspisivanju scenarija za videe.<\/span><\/p>\n<\/div>\n<\/div>\n<div class=\"cmsmasters_column one_half\">\n<div class=\"cmsmasters_text\">\n<p><span style=\"color: #ffffff;\"><strong>2022.<\/strong><\/span><\/p>\n<p><span style=\"color: #ffffff;\">&#8211; Organizirali smo prvi Nacionalni susret projekta Evo me te formaciju za vi\u0161e od 30 kateheta uklju\u010denih u program <em>\u017diva vatra<\/em>. Na Nacionalnom susretu i formaciji sudjelovali su stru\u010dni suradnici i podupiratelji programa: vl\u010d. Jakov Ra\u0111a, Toni Maglica, Igor Kani\u017eaj i Robert Knjaz.<\/span><\/p>\n<p><span style=\"color: #ffffff;\"><strong>2023.<\/strong><\/span><\/p>\n<p><span style=\"color: #ffffff;\">&#8211; Organizirali smo drugi Nacionalni susret projekta Evo me te formaciju za vi\u0161e od 60 kateheta uklju\u010denih u program <em>\u017diva vatra<\/em>. Na Nacionalnom susretu i formaciji sudjelovali su stru\u010dni suradnici i podupiratelji programa: salezijanac don Ivan \u0160iri\u0107, Andrea Mataija-Red\u017eovi\u0107 iz Nastavnog zavoda za javno zdravstvo u Rijeci, Josipa Matokovi\u0107 iz Udruge MOST i salezijanac don Tomislav Luka\u010d.<\/span><\/p>\n<p><span style=\"color: #ffffff;\">&#8211; Stvorili smo i tiskali eksperimentalni priru\u010dnik za katehete i Dnevnik putovanja koje su koristile i isprobale u radu s krizmanicima \u017eupe u sklopu pilot programa.<\/span><\/p>\n<p><span style=\"color: #ffffff;\"><strong>2024.<\/strong><\/span><\/p>\n<p><span style=\"color: #ffffff;\">&#8211; Organizirali smo tre\u0107i Nacionalni susret projekta Evo me. Na Nacionalnom susretu\u00a0 sudjelovali su stru\u010dni suradnici i podupiratelji programa: vl\u010d. Jakov Ra\u0111a, profesor s FPZG-a Bo\u017eo Skoko, profesor s FFZGST-a Toni Maglica i Matej Lovri\u0107 iz Udruge Arka.<\/span><\/p>\n<p><span style=\"color: #ffffff;\">&#8211; U rujnu smo hrvatskoj i crkvenoj predstavili program \u017diva vatra na salezijanskom dvori\u0161tu crkve Marije Pomo\u0107nice na zagreba\u010dkoj Kne\u017eiji. Program su okupljenim medijima, podr\u017eavateljima i uzvanicima predstavili don Mihovil Kurkut, autor priru\u010dnika Marin Peri\u0161, katehistica Janja Tomi\u0107 i dr. sc. Danijel Laba\u0161, uz pozdravne govore predstojnika Nacionalnoga katehetskog ureda <em>HBK<\/em> mons. Ivice Pa\u017eina i provincijala Hrvatske salezijanske provincije don Milana Ivan\u010devi\u0107a.<\/span><\/p>\n<p><span style=\"color: #ffffff;\">&#8211; Tijekom rujna i listopada odr\u017eali smo 3 formativna susreta za katehete u Zagrebu, Splitu i \u0110akovu. Susreti su sadr\u017eavali tematska predavanja, forume s predava\u010dima i prakti\u010dne animacijske trenutke. Na susretima je sudjelovalo 235 kateheta iz Zagreba\u010dke nadbiskupije, Rije\u010dke nadbiskupije, Sisa\u010dke biskupije, Vara\u017edinske biskupije, Splitsko-makarske nadbiskupije, \u0160ibenske biskupije, \u0110akova\u010dko-osje\u010dke nadbiskupije, Po\u017ee\u0161ke biskupije i Srijemske biskupije.<\/span><\/p>\n<\/div>\n<\/div>\n<\/div>\n<\/div>\n<\/div>\n<\/div>\n<\/div>\n<div id=\"cmsmasters_row_69f3d6d46f8c24_16263289\" class=\"cmsmasters_row cmsmasters_color_scheme_default cmsmasters_row_top_default cmsmasters_row_bot_default cmsmasters_row_fullwidth\">\n<div class=\"cmsmasters_row_outer_parent\">\n<div class=\"cmsmasters_row_outer\">\n<div class=\"cmsmasters_row_inner cmsmasters_row_fullwidth cmsmasters_row_no_margin\">\n<div class=\"cmsmasters_row_margin cmsmasters_row_columns_behavior\">\n<div class=\"cmsmasters_column one_half\">\n<div id=\"cmsmasters_fb_69f3d6d46f9201_19296313\" class=\"cmsmasters_featured_block\">\n<div class=\"featured_block_inner\">\n<div class=\"featured_block_text\"><p><\/p>\n<\/div>\n<\/div>\n<\/div>\n<\/div>\n<div class=\"cmsmasters_column one_half\">\n<div id=\"cmsmasters_fb_69f3d6d46fb914_07264585\" class=\"cmsmasters_featured_block\">\n<div class=\"featured_block_inner\">\n<div class=\"featured_block_text\">\n<p style=\"text-align: left;\">\n<div id=\"cmsmasters_heading_69f3d6d46fc1d8_65383771\" class=\"cmsmasters_heading_wrap cmsmasters_heading_align_left\">\n\t<h3 class=\"cmsmasters_heading\"><\/h3>\n<\/div>\n<div id=\"cmsmasters_heading_69f3d6d46fc712_69991981\" class=\"cmsmasters_heading_wrap cmsmasters_heading_align_left\">\n\t<h3 class=\"cmsmasters_heading\">Trenutno stanje programa i ciljevi za 2025. godinu<\/h3>\n<\/div>\n<p style=\"text-align: left;\">\n<div id=\"cmsmasters_heading_69f3d6d46fcb67_64657896\" class=\"cmsmasters_heading_wrap cmsmasters_heading_align_left\">\n\t<h5 class=\"cmsmasters_heading\"><span style=\"font-weight: 400;\">Trenutno se u Hrvatskoj u sklopu na\u0161eg programa &#8220;\u017diva vatra&#8221; provode kateheze za krizmu u 200 \u017eupa za 11 000 osnovno\u0161kolske i srednjo\u0161kolske djece koje za njih pripremaju i vode 300 mladih. U narednoj godini planiramo napraviti priru\u010dnik za kumove krizmanika sa sadr\u017eajima koji \u0107e im pomo\u0107i u osobnoj vjerskoj izgradnji. Tako\u0111er, planiramo tiskati molitvenik za krizmanike te odr\u017eati nove formativne susrete za katehete s na\u0161im suradnicima i stru\u010dnjacima iz razli\u010ditih podru\u010dja povezanim s odgojem u vi\u0161e razli\u010ditih gradova diljem Hrvatske. Jednako tako, planiramo snimiti nove videomaterijale za potrebe kvalitetne pripreme kateheta za katehezu.<\/span><span style=\"font-weight: 400;\">ucirati 4 videa za jednu od tih 12 tema te zapo\u010deti rad na ostalim videosadr\u017eajima. Tako\u0111er, cilj nam je pove\u0107ati broj \u017eupa koje sudjeluju u pilot projektu te nastaviti prikupljati sredstva za daljnji razvoj programa.<\/span><\/h5>\n<\/div>\n<\/div>\n<\/div>\n<\/div>\n<\/div>\n<\/div>\n<\/div>\n<\/div>\n<\/div>\n<\/div>\n\n","protected":false},"excerpt":{"rendered":"","protected":false},"author":1,"featured_media":0,"parent":0,"menu_order":0,"comment_status":"closed","ping_status":"closed","template":"","meta":{"footnotes":""},"class_list":["post-5788","page","type-page","status-publish","hentry"],"_links":{"self":[{"href":"https:\/\/evome.hr\/index.php?rest_route=\/wp\/v2\/pages\/5788","targetHints":{"allow":["GET"]}}],"collection":[{"href":"https:\/\/evome.hr\/index.php?rest_route=\/wp\/v2\/pages"}],"about":[{"href":"https:\/\/evome.hr\/index.php?rest_route=\/wp\/v2\/types\/page"}],"author":[{"embeddable":true,"href":"https:\/\/evome.hr\/index.php?rest_route=\/wp\/v2\/users\/1"}],"replies":[{"embeddable":true,"href":"https:\/\/evome.hr\/index.php?rest_route=%2Fwp%2Fv2%2Fcomments&post=5788"}],"version-history":[{"count":33,"href":"https:\/\/evome.hr\/index.php?rest_route=\/wp\/v2\/pages\/5788\/revisions"}],"predecessor-version":[{"id":6445,"href":"https:\/\/evome.hr\/index.php?rest_route=\/wp\/v2\/pages\/5788\/revisions\/6445"}],"wp:attachment":[{"href":"https:\/\/evome.hr\/index.php?rest_route=%2Fwp%2Fv2%2Fmedia&parent=5788"}],"curies":[{"name":"wp","href":"https:\/\/api.w.org\/{rel}","templated":true}]}}